{"id":914,"date":"2025-08-20T19:07:35","date_gmt":"2025-08-20T17:07:35","guid":{"rendered":"https:\/\/missilluminati.com\/about\/"},"modified":"2025-09-19T23:37:18","modified_gmt":"2025-09-19T21:37:18","slug":"sobre-miss-illuminati","status":"publish","type":"page","link":"https:\/\/missilluminati.com\/en\/sobre-miss-illuminati\/","title":{"rendered":"About Miss Illuminati"},"content":{"rendered":"<div class=\"wp-block-uagb-container uagb-block-25efe059 alignfull uagb-is-root-container\"><div class=\"uagb-container-inner-blocks-wrap\">\n<header class=\"wp-block-uagb-advanced-heading uagb-block-152b2cf8\"><h1 class=\"uagb-heading-text\">What is Miss Illuminati?<\/h1><\/header>\n\n\n\n<div class=\"wp-block-uagb-separator uagb-block-fb54cf4b\"><div class=\"wp-block-uagb-separator__inner\" style=\"--my-background-image:\"><\/div><\/div>\n\n\n\n<div class=\"wp-block-uagb-advanced-heading uagb-block-0638ced2\"><h3 class=\"uagb-heading-text\">Illuminate. inspire, reign.<\/h3><\/div>\n<\/div><\/div>\n\n\n\n<p><\/p>\n\n\n\n<p><\/p>\n\n\n\n<div class=\"wp-block-uagb-advanced-heading uagb-block-d5f33f94\"><h2 class=\"uagb-heading-text\">About Miss Illuminati<\/h2><\/div>\n\n\n\n<p>Miss Illuminati is an international beauty pageant born with the vision of uniting beauty, luxury, and power on the same stage. Beyond a competition, it is a platform where fashion, business, and exclusivity converge to open doors for women with ambition, talent, and elegance.<\/p>\n\n\n\n<p>Held in Marbella, one of the most prestigious destinations in the Mediterranean, the pageant offers a unique experience: runways, training, professional opportunities, and an environment surrounded by luxury brands. The winner not only receives a title, but also the opportunity to become an ambassador of a movement that represents success, sophistication, and leadership.<\/p>\n\n\n\n<p>Follow us on our <a href=\"https:\/\/www.instagram.com\/missilluminatiofficial\/\">Instagram oficial<\/a> to stay updated with all the news about the pageant.<\/p>\n\n\n\n<p><\/p>\n\n\n\n<div class=\"wp-block-uagb-container uagb-layout-grid uagb-block-c07c1ca2 alignfull uagb-is-root-container\"><div class=\"uagb-container-inner-blocks-wrap\">\n<div class=\"wp-block-uagb-info-box uagb-block-439a912a uagb-infobox__content-wrap  uagb-infobox-icon-above-title uagb-infobox-image-valign-top wp-block-uagb-info-box--has-margin\"><div class=\"uagb-infobox-margin-wrapper\"><div class=\"uagb-ifb-content\"><div class=\"uagb-ifb-title-wrap\"><h2 class=\"uagb-ifb-title\">Mission <\/h2><\/div><div class=\"uagb-ifb-separator\"><\/div><p class=\"uagb-ifb-desc\">To promote talent, beauty, and female empowerment through a pageant that goes beyond a crown. Our mission is to provide each participant with the tools, visibility, and opportunities necessary to grow in the fashion, entertainment, and business industries. Miss Illuminati seeks to shape women leaders, capable of inspiring with their elegance, authenticity, and commitment, generating a positive impact in their environment and in international society.<\/p><\/div><\/div><\/div>\n\n\n\n<div class=\"wp-block-uagb-image uagb-block-c2362fda wp-block-uagb-image--layout-default wp-block-uagb-image--effect-zoomin wp-block-uagb-image--align-none\"><figure class=\"wp-block-uagb-image__figure\"><img decoding=\"async\" data-srcset=\"https:\/\/missilluminati.com\/wp-content\/uploads\/2025\/08\/Leonardo_Kino_XL_Vertical_editorial_background_elegant_female_0-1024x575.jpg ,https:\/\/missilluminati.com\/wp-content\/uploads\/2025\/08\/Leonardo_Kino_XL_Vertical_editorial_background_elegant_female_0.jpg 780w, https:\/\/missilluminati.com\/wp-content\/uploads\/2025\/08\/Leonardo_Kino_XL_Vertical_editorial_background_elegant_female_0.jpg 360w\" data-sizes=\"auto, (max-width: 480px) 150px\" data-src=\"https:\/\/missilluminati.com\/wp-content\/uploads\/2025\/08\/Leonardo_Kino_XL_Vertical_editorial_background_elegant_female_0-1024x575.jpg\" alt=\"Miss Illuminati - Certamen internacional de belleza\" class=\"uag-image-1509 lazyload\" width=\"520\" height=\"347\" title=\"Miss Illuminati\" role=\"img\" src=\"data:image\/svg+xml;base64,PHN2ZyB3aWR0aD0iMSIgaGVpZ2h0PSIxIiB4bWxucz0iaHR0cDovL3d3dy53My5vcmcvMjAwMC9zdmciPjwvc3ZnPg==\" style=\"--smush-placeholder-width: 520px; --smush-placeholder-aspect-ratio: 520\/347;\" \/><\/figure><\/div>\n<\/div><\/div>\n\n\n\n<p><\/p>\n\n\n\n<p><\/p>\n\n\n\n<div class=\"wp-block-uagb-container uagb-layout-grid uagb-block-dab911b3 alignfull uagb-is-root-container\"><div class=\"uagb-container-inner-blocks-wrap\">\n<div class=\"wp-block-uagb-info-box uagb-block-b585ef3a uagb-infobox__content-wrap  uagb-infobox-icon-above-title uagb-infobox-image-valign-top wp-block-uagb-info-box--has-margin\"><div class=\"uagb-infobox-margin-wrapper\"><div class=\"uagb-ifb-content\"><div class=\"uagb-ifb-title-wrap\"><h2 class=\"uagb-ifb-title\">Vision <\/h2><\/div><div class=\"uagb-ifb-separator\"><\/div><p class=\"uagb-ifb-desc\">To transform the way beauty is experienced, turning Miss Illuminati into a global movement of inspiration, luxury, and female empowerment. Our vision is that each edition be much more than a pageant: a meeting point between fashion, business, and culture, where women capable of positively influencing society and representing excellence on international stages are showcased.<\/p><\/div><\/div><\/div>\n\n\n\n<div class=\"wp-block-uagb-image uagb-block-c5d9a845 wp-block-uagb-image--layout-default wp-block-uagb-image--effect-zoomin wp-block-uagb-image--align-none\"><figure class=\"wp-block-uagb-image__figure\"><img decoding=\"async\" data-srcset=\"https:\/\/missilluminati.com\/wp-content\/uploads\/2025\/08\/Leonardo_Kino_XL_Vertical_editorial_background_a_glowing_golde_0-1024x575.jpg ,https:\/\/missilluminati.com\/wp-content\/uploads\/2025\/08\/Leonardo_Kino_XL_Vertical_editorial_background_a_glowing_golde_0.jpg 780w, https:\/\/missilluminati.com\/wp-content\/uploads\/2025\/08\/Leonardo_Kino_XL_Vertical_editorial_background_a_glowing_golde_0.jpg 360w\" data-sizes=\"auto, (max-width: 480px) 150px\" data-src=\"https:\/\/missilluminati.com\/wp-content\/uploads\/2025\/08\/Leonardo_Kino_XL_Vertical_editorial_background_a_glowing_golde_0-1024x575.jpg\" alt=\"Miss Illuminati Marbella\" class=\"uag-image-1508 lazyload\" width=\"520\" height=\"347\" title=\"Miss Illuminati Marbella\" role=\"img\" src=\"data:image\/svg+xml;base64,PHN2ZyB3aWR0aD0iMSIgaGVpZ2h0PSIxIiB4bWxucz0iaHR0cDovL3d3dy53My5vcmcvMjAwMC9zdmciPjwvc3ZnPg==\" style=\"--smush-placeholder-width: 520px; --smush-placeholder-aspect-ratio: 520\/347;\" \/><\/figure><\/div>\n<\/div><\/div>\n\n\n\n<p><\/p>\n\n\n\n<p><\/p>\n\n\n\n<div class=\"wp-block-uagb-container uagb-layout-grid uagb-block-293a29d3 alignfull uagb-is-root-container\"><div class=\"uagb-container-inner-blocks-wrap\">\n<div class=\"wp-block-uagb-info-box uagb-block-78ca6f25 uagb-infobox__content-wrap  uagb-infobox-icon-above-title uagb-infobox-image-valign-top wp-block-uagb-info-box--has-margin\"><div class=\"uagb-infobox-margin-wrapper\"><div class=\"uagb-ifb-content\"><div class=\"uagb-ifb-title-wrap\"><h2 class=\"uagb-ifb-title\">Values<\/h2><\/div><div class=\"uagb-ifb-separator\"><\/div><p class=\"uagb-ifb-desc\">At Miss Illuminati, we believe that the true greatness of a pageant lies not only in the crown, but in the principles that sustain it. Our values reflect the essence of what we seek in each participant and what we project to the world:<br><br>\ud83c\udf1f <strong>Elegance and Authenticity<\/strong> \u2013 we promote a beauty that is born from authenticity, confidence, and personal poise.<br><br>\ud83c\udf1f <strong>Opportunity and Growth<\/strong> \u2013 we provide tools and exposure so that each candidate can pave her way in fashion, entertainment, and business.<br><br>\ud83c\udf1f <strong>Internationality and Diversity<\/strong> \u2013 we celebrate different cultures, talents, and forms of beauty, creating an inclusive and global space.<br><br>\ud83c\udf1f <strong>Exclusivity and Luxury<\/strong> \u2013 every detail of the pageant reflects distinction, prestige, and a unique international-level experience.<br><br>\ud83c\udf1f <strong>Business Vision<\/strong> \u2013 we promote the spirit of leadership and entrepreneurship, connecting our queens with brands, investors, and business opportunities that allow them to grow beyond the pageant.<\/p><\/div><\/div><\/div>\n\n\n\n<div class=\"wp-block-uagb-image alignleft uagb-block-d8d3ae23 wp-block-uagb-image--layout-default wp-block-uagb-image--effect-blur wp-block-uagb-image--align-left\"><figure class=\"wp-block-uagb-image__figure\"><img decoding=\"async\" data-srcset=\"https:\/\/missilluminati.com\/wp-content\/uploads\/2025\/08\/IMG_6651-575x1024.jpg ,https:\/\/missilluminati.com\/wp-content\/uploads\/2025\/08\/IMG_6651.jpg 780w, https:\/\/missilluminati.com\/wp-content\/uploads\/2025\/08\/IMG_6651-575x1024.jpg 360w\" data-sizes=\"auto, (max-width: 480px) 150px\" data-src=\"https:\/\/missilluminati.com\/wp-content\/uploads\/2025\/08\/IMG_6651-575x1024.jpg\" alt=\"Miss Illuminati Marbella\" class=\"uag-image-1498 lazyload\" width=\"575\" height=\"1024\" title=\"Miss Illuminati Marbella\" role=\"img\" src=\"data:image\/svg+xml;base64,PHN2ZyB3aWR0aD0iMSIgaGVpZ2h0PSIxIiB4bWxucz0iaHR0cDovL3d3dy53My5vcmcvMjAwMC9zdmciPjwvc3ZnPg==\" style=\"--smush-placeholder-width: 575px; --smush-placeholder-aspect-ratio: 575\/1024;\" \/><\/figure><\/div>\n<\/div><\/div>\n\n\n\n<p><\/p>\n\n\n\n<div class=\"wp-block-uagb-separator uagb-block-9eec6c26 wp-block-uagb-separator--icon\"><div class=\"wp-block-uagb-separator__inner\" style=\"--my-background-image:\"><div class=\"wp-block-uagb-separator-element\"><svg xmlns=\"https:\/\/www.w3.org\/2000\/svg\" viewbox=\"0 0 384 512\"><path d=\"M336 0h-288C21.49 0 0 21.49 0 48v416C0 490.5 21.49 512 48 512h288c26.51 0 48-21.49 48-48v-416C384 21.49 362.5 0 336 0zM192 160c35.35 0 64 28.65 64 64s-28.65 64-64 64S128 259.3 128 224S156.7 160 192 160zM288 416H96c-8.836 0-16-7.164-16-16C80 355.8 115.8 320 160 320h64c44.18 0 80 35.82 80 80C304 408.8 296.8 416 288 416zM240 96h-96C135.2 96 128 88.84 128 80S135.2 64 144 64h96C248.8 64 256 71.16 256 80S248.8 96 240 96z\"><\/path><\/svg><\/div><\/div><\/div>\n\n\n\n<p><\/p>\n\n\n\n<div class=\"wp-block-uagb-call-to-action uagb-block-47ceaaea wp-block-button\"><div class=\"uagb-cta__wrap\"><h3 class=\"uagb-cta__title\">Can you imagine being the next Miss Illuminati?<\/h3><p class=\"uagb-cta__desc\">The path to your crown begins here.<br>Let your light shine and let the world see it.<\/p><\/div><div class=\"uagb-cta__buttons\"><a href=\"https:\/\/missilluminati.com\/en\/inscribete\/\" class=\"uagb-cta__button-link-wrapper wp-block-button__link\" target=\"_self\" rel=\"noopener noreferrer\">Join now!<svg xmlns=\"https:\/\/www.w3.org\/2000\/svg\" viewbox=\"0 0 512 512\"><path d=\"M504.3 273.6l-112.1 104c-6.992 6.484-17.18 8.218-25.94 4.406c-8.758-3.812-14.42-12.45-14.42-21.1L351.9 288H32C14.33 288 .0002 273.7 .0002 255.1S14.33 224 32 224h319.9l0-72c0-9.547 5.66-18.19 14.42-22c8.754-3.809 18.95-2.075 25.94 4.41l112.1 104C514.6 247.9 514.6 264.1 504.3 273.6z\"><\/path><\/svg><\/a><\/div><\/div>","protected":false},"excerpt":{"rendered":"<p>\u00bfQu\u00e9 es Miss Illuminati? Ilumina, inspira, reina. Sobre Miss Illuminati Miss Illuminati es un certamen internacional de belleza que nace con la visi\u00f3n de unir belleza, lujo y poder en un mismo escenario. M\u00e1s all\u00e1 de una competencia, es una plataforma donde la moda, los negocios y la exclusividad convergen para abrir puertas a mujeres [&hellip;]<\/p>","protected":false},"author":1,"featured_media":0,"parent":0,"menu_order":0,"comment_status":"closed","ping_status":"closed","template":"","meta":{"_uag_custom_page_level_css":"","site-sidebar-layout":"no-sidebar","site-content-layout":"plain-container","ast-site-content-layout":"full-width-container","site-content-style":"unboxed","site-sidebar-style":"unboxed","ast-global-header-display":"","ast-banner-title-visibility":"","ast-main-header-display":"","ast-hfb-above-header-display":"","ast-hfb-below-header-display":"","ast-hfb-mobile-header-display":"","site-post-title":"disabled","ast-breadcrumbs-content":"","ast-featured-img":"disabled","footer-sml-layout":"","theme-transparent-header-meta":"enabled","adv-header-id-meta":"","stick-header-meta":"","header-above-stick-meta":"","header-main-stick-meta":"","header-below-stick-meta":"","astra-migrate-meta-layouts":"set","ast-page-background-enabled":"default","ast-page-background-meta":{"desktop":{"background-color":"","background-image":"","background-repeat":"repeat","background-position":"center center","background-size":"auto","background-attachment":"scroll","background-type":"","background-media":"","overlay-type":"","overlay-color":"","overlay-opacity":"","overlay-gradient":""},"tablet":{"background-color":"","background-image":"","background-repeat":"repeat","background-position":"center center","background-size":"auto","background-attachment":"scroll","background-type":"","background-media":"","overlay-type":"","overlay-color":"","overlay-opacity":"","overlay-gradient":""},"mobile":{"background-color":"","background-image":"","background-repeat":"repeat","background-position":"center center","background-size":"auto","background-attachment":"scroll","background-type":"","background-media":"","overlay-type":"","overlay-color":"","overlay-opacity":"","overlay-gradient":""}},"ast-content-background-meta":{"desktop":{"background-color":"var(--ast-global-color-5)","background-image":"","background-repeat":"repeat","background-position":"center center","background-size":"auto","background-attachment":"scroll","background-type":"","background-media":"","overlay-type":"","overlay-color":"","overlay-opacity":"","overlay-gradient":""},"tablet":{"background-color":"var(--ast-global-color-5)","background-image":"","background-repeat":"repeat","background-position":"center center","background-size":"auto","background-attachment":"scroll","background-type":"","background-media":"","overlay-type":"","overlay-color":"","overlay-opacity":"","overlay-gradient":""},"mobile":{"background-color":"var(--ast-global-color-5)","background-image":"","background-repeat":"repeat","background-position":"center center","background-size":"auto","background-attachment":"scroll","background-type":"","background-media":"","overlay-type":"","overlay-color":"","overlay-opacity":"","overlay-gradient":""}},"footnotes":""},"class_list":["post-914","page","type-page","status-publish","hentry"],"yoast_head":"<!-- This site is optimized with the Yoast SEO plugin v25.9 - https:\/\/yoast.com\/wordpress\/plugins\/seo\/ -->\n<title>Sobre Miss Illuminati - Miss Illuminati<\/title>\n<meta name=\"description\" content=\"Miss Illuminati - Es un Certamen Internacional de Belleza que une glamour, misterio y poder en un evento \u00fanico.\" \/>\n<meta name=\"robots\" content=\"index, follow, max-snippet:-1, max-image-preview:large, max-video-preview:-1\" \/>\n<link rel=\"canonical\" href=\"https:\/\/missilluminati.com\/en\/sobre-miss-illuminati\/\" \/>\n<meta property=\"og:locale\" content=\"en_GB\" \/>\n<meta property=\"og:type\" content=\"article\" \/>\n<meta property=\"og:title\" content=\"Sobre Miss Illuminati - Miss Illuminati\" \/>\n<meta property=\"og:description\" content=\"Miss Illuminati - Es un Certamen Internacional de Belleza que une glamour, misterio y poder en un evento \u00fanico.\" \/>\n<meta property=\"og:url\" content=\"https:\/\/missilluminati.com\/en\/sobre-miss-illuminati\/\" \/>\n<meta property=\"og:site_name\" content=\"Miss Illuminati\" \/>\n<meta property=\"article:publisher\" content=\"https:\/\/www.facebook.com\/profile.php?id=61577234054293\" \/>\n<meta property=\"article:modified_time\" content=\"2025-09-19T21:37:18+00:00\" \/>\n<meta property=\"og:image\" content=\"https:\/\/missilluminati.com\/wp-content\/uploads\/2025\/08\/Leonardo_Kino_XL_Vertical_editorial_background_elegant_female_0-1024x575.jpg\" \/>\n<meta name=\"twitter:card\" content=\"summary_large_image\" \/>\n<meta name=\"twitter:label1\" content=\"Estimated reading time\" \/>\n\t<meta name=\"twitter:data1\" content=\"3 minutes\" \/>\n<script type=\"application\/ld+json\" class=\"yoast-schema-graph\">{\"@context\":\"https:\/\/schema.org\",\"@graph\":[{\"@type\":\"WebPage\",\"@id\":\"https:\/\/missilluminati.com\/sobre-miss-illuminati\/\",\"url\":\"https:\/\/missilluminati.com\/sobre-miss-illuminati\/\",\"name\":\"Sobre Miss Illuminati - Miss Illuminati\",\"isPartOf\":{\"@id\":\"https:\/\/missilluminati.com\/#website\"},\"primaryImageOfPage\":{\"@id\":\"https:\/\/missilluminati.com\/sobre-miss-illuminati\/#primaryimage\"},\"image\":{\"@id\":\"https:\/\/missilluminati.com\/sobre-miss-illuminati\/#primaryimage\"},\"thumbnailUrl\":\"https:\/\/missilluminati.com\/wp-content\/uploads\/2025\/08\/Leonardo_Kino_XL_Vertical_editorial_background_elegant_female_0-1024x575.jpg\",\"datePublished\":\"2025-08-20T17:07:35+00:00\",\"dateModified\":\"2025-09-19T21:37:18+00:00\",\"description\":\"Miss Illuminati - Es un Certamen Internacional de Belleza que une glamour, misterio y poder en un evento \u00fanico.\",\"breadcrumb\":{\"@id\":\"https:\/\/missilluminati.com\/sobre-miss-illuminati\/#breadcrumb\"},\"inLanguage\":\"en-GB\",\"potentialAction\":[{\"@type\":\"ReadAction\",\"target\":[\"https:\/\/missilluminati.com\/sobre-miss-illuminati\/\"]}]},{\"@type\":\"ImageObject\",\"inLanguage\":\"en-GB\",\"@id\":\"https:\/\/missilluminati.com\/sobre-miss-illuminati\/#primaryimage\",\"url\":\"https:\/\/missilluminati.com\/wp-content\/uploads\/2025\/08\/Leonardo_Kino_XL_Vertical_editorial_background_elegant_female_0-1024x575.jpg\",\"contentUrl\":\"https:\/\/missilluminati.com\/wp-content\/uploads\/2025\/08\/Leonardo_Kino_XL_Vertical_editorial_background_elegant_female_0-1024x575.jpg\"},{\"@type\":\"BreadcrumbList\",\"@id\":\"https:\/\/missilluminati.com\/sobre-miss-illuminati\/#breadcrumb\",\"itemListElement\":[{\"@type\":\"ListItem\",\"position\":1,\"name\":\"Portada\",\"item\":\"https:\/\/missilluminati.com\/\"},{\"@type\":\"ListItem\",\"position\":2,\"name\":\"Sobre Miss Illuminati\"}]},{\"@type\":\"WebSite\",\"@id\":\"https:\/\/missilluminati.com\/#website\",\"url\":\"https:\/\/missilluminati.com\/\",\"name\":\"Miss Illuminati\",\"description\":\"\",\"publisher\":{\"@id\":\"https:\/\/missilluminati.com\/#organization\"},\"potentialAction\":[{\"@type\":\"SearchAction\",\"target\":{\"@type\":\"EntryPoint\",\"urlTemplate\":\"https:\/\/missilluminati.com\/?s={search_term_string}\"},\"query-input\":{\"@type\":\"PropertyValueSpecification\",\"valueRequired\":true,\"valueName\":\"search_term_string\"}}],\"inLanguage\":\"en-GB\"},{\"@type\":\"Organization\",\"@id\":\"https:\/\/missilluminati.com\/#organization\",\"name\":\"Miss Illuminati\",\"url\":\"https:\/\/missilluminati.com\/\",\"logo\":{\"@type\":\"ImageObject\",\"inLanguage\":\"en-GB\",\"@id\":\"https:\/\/missilluminati.com\/#\/schema\/logo\/image\/\",\"url\":\"https:\/\/missilluminati.com\/wp-content\/uploads\/2025\/08\/cropped-CoronaLOGOsola-3.png\",\"contentUrl\":\"https:\/\/missilluminati.com\/wp-content\/uploads\/2025\/08\/cropped-CoronaLOGOsola-3.png\",\"width\":512,\"height\":512,\"caption\":\"Miss Illuminati\"},\"image\":{\"@id\":\"https:\/\/missilluminati.com\/#\/schema\/logo\/image\/\"},\"sameAs\":[\"https:\/\/www.facebook.com\/profile.php?id=61577234054293\",\"https:\/\/www.instagram.com\/missilluminatiofficial\/\"]}]}<\/script>\n<!-- \/ Yoast SEO plugin. -->","yoast_head_json":{"title":"Sobre Miss Illuminati - Miss Illuminati","description":"Miss Illuminati - Es un Certamen Internacional de Belleza que une glamour, misterio y poder en un evento \u00fanico.","robots":{"index":"index","follow":"follow","max-snippet":"max-snippet:-1","max-image-preview":"max-image-preview:large","max-video-preview":"max-video-preview:-1"},"canonical":"https:\/\/missilluminati.com\/en\/sobre-miss-illuminati\/","og_locale":"en_GB","og_type":"article","og_title":"Sobre Miss Illuminati - Miss Illuminati","og_description":"Miss Illuminati - Es un Certamen Internacional de Belleza que une glamour, misterio y poder en un evento \u00fanico.","og_url":"https:\/\/missilluminati.com\/en\/sobre-miss-illuminati\/","og_site_name":"Miss Illuminati","article_publisher":"https:\/\/www.facebook.com\/profile.php?id=61577234054293","article_modified_time":"2025-09-19T21:37:18+00:00","og_image":[{"url":"https:\/\/missilluminati.com\/wp-content\/uploads\/2025\/08\/Leonardo_Kino_XL_Vertical_editorial_background_elegant_female_0-1024x575.jpg","type":"","width":"","height":""}],"twitter_card":"summary_large_image","twitter_misc":{"Estimated reading time":"3 minutes"},"schema":{"@context":"https:\/\/schema.org","@graph":[{"@type":"WebPage","@id":"https:\/\/missilluminati.com\/sobre-miss-illuminati\/","url":"https:\/\/missilluminati.com\/sobre-miss-illuminati\/","name":"Sobre Miss Illuminati - Miss Illuminati","isPartOf":{"@id":"https:\/\/missilluminati.com\/#website"},"primaryImageOfPage":{"@id":"https:\/\/missilluminati.com\/sobre-miss-illuminati\/#primaryimage"},"image":{"@id":"https:\/\/missilluminati.com\/sobre-miss-illuminati\/#primaryimage"},"thumbnailUrl":"https:\/\/missilluminati.com\/wp-content\/uploads\/2025\/08\/Leonardo_Kino_XL_Vertical_editorial_background_elegant_female_0-1024x575.jpg","datePublished":"2025-08-20T17:07:35+00:00","dateModified":"2025-09-19T21:37:18+00:00","description":"Miss Illuminati - Es un Certamen Internacional de Belleza que une glamour, misterio y poder en un evento \u00fanico.","breadcrumb":{"@id":"https:\/\/missilluminati.com\/sobre-miss-illuminati\/#breadcrumb"},"inLanguage":"en-GB","potentialAction":[{"@type":"ReadAction","target":["https:\/\/missilluminati.com\/sobre-miss-illuminati\/"]}]},{"@type":"ImageObject","inLanguage":"en-GB","@id":"https:\/\/missilluminati.com\/sobre-miss-illuminati\/#primaryimage","url":"https:\/\/missilluminati.com\/wp-content\/uploads\/2025\/08\/Leonardo_Kino_XL_Vertical_editorial_background_elegant_female_0-1024x575.jpg","contentUrl":"https:\/\/missilluminati.com\/wp-content\/uploads\/2025\/08\/Leonardo_Kino_XL_Vertical_editorial_background_elegant_female_0-1024x575.jpg"},{"@type":"BreadcrumbList","@id":"https:\/\/missilluminati.com\/sobre-miss-illuminati\/#breadcrumb","itemListElement":[{"@type":"ListItem","position":1,"name":"Portada","item":"https:\/\/missilluminati.com\/"},{"@type":"ListItem","position":2,"name":"Sobre Miss Illuminati"}]},{"@type":"WebSite","@id":"https:\/\/missilluminati.com\/#website","url":"https:\/\/missilluminati.com\/","name":"Miss Illuminati","description":"","publisher":{"@id":"https:\/\/missilluminati.com\/#organization"},"potentialAction":[{"@type":"SearchAction","target":{"@type":"EntryPoint","urlTemplate":"https:\/\/missilluminati.com\/?s={search_term_string}"},"query-input":{"@type":"PropertyValueSpecification","valueRequired":true,"valueName":"search_term_string"}}],"inLanguage":"en-GB"},{"@type":"Organization","@id":"https:\/\/missilluminati.com\/#organization","name":"Miss Illuminati","url":"https:\/\/missilluminati.com\/","logo":{"@type":"ImageObject","inLanguage":"en-GB","@id":"https:\/\/missilluminati.com\/#\/schema\/logo\/image\/","url":"https:\/\/missilluminati.com\/wp-content\/uploads\/2025\/08\/cropped-CoronaLOGOsola-3.png","contentUrl":"https:\/\/missilluminati.com\/wp-content\/uploads\/2025\/08\/cropped-CoronaLOGOsola-3.png","width":512,"height":512,"caption":"Miss Illuminati"},"image":{"@id":"https:\/\/missilluminati.com\/#\/schema\/logo\/image\/"},"sameAs":["https:\/\/www.facebook.com\/profile.php?id=61577234054293","https:\/\/www.instagram.com\/missilluminatiofficial\/"]}]}},"uagb_featured_image_src":{"full":false,"thumbnail":false,"medium":false,"medium_large":false,"large":false,"1536x1536":false,"2048x2048":false,"trp-custom-language-flag":false,"woocommerce_thumbnail":false,"woocommerce_single":false,"woocommerce_gallery_thumbnail":false},"uagb_author_info":{"display_name":"missilluminatiofficial@gmail.com","author_link":"https:\/\/missilluminati.com\/en\/author\/missilluminatiofficialgmail-com\/"},"uagb_comment_info":0,"uagb_excerpt":"\u00bfQu\u00e9 es Miss Illuminati? Ilumina, inspira, reina. Sobre Miss Illuminati Miss Illuminati es un certamen internacional de belleza que nace con la visi\u00f3n de unir belleza, lujo y poder en un mismo escenario. M\u00e1s all\u00e1 de una competencia, es una plataforma donde la moda, los negocios y la exclusividad convergen para abrir puertas a mujeres&hellip;","_links":{"self":[{"href":"https:\/\/missilluminati.com\/en\/wp-json\/wp\/v2\/pages\/914","targetHints":{"allow":["GET"]}}],"collection":[{"href":"https:\/\/missilluminati.com\/en\/wp-json\/wp\/v2\/pages"}],"about":[{"href":"https:\/\/missilluminati.com\/en\/wp-json\/wp\/v2\/types\/page"}],"author":[{"embeddable":true,"href":"https:\/\/missilluminati.com\/en\/wp-json\/wp\/v2\/users\/1"}],"replies":[{"embeddable":true,"href":"https:\/\/missilluminati.com\/en\/wp-json\/wp\/v2\/comments?post=914"}],"version-history":[{"count":45,"href":"https:\/\/missilluminati.com\/en\/wp-json\/wp\/v2\/pages\/914\/revisions"}],"predecessor-version":[{"id":1805,"href":"https:\/\/missilluminati.com\/en\/wp-json\/wp\/v2\/pages\/914\/revisions\/1805"}],"wp:attachment":[{"href":"https:\/\/missilluminati.com\/en\/wp-json\/wp\/v2\/media?parent=914"}],"curies":[{"name":"wp","href":"https:\/\/api.w.org\/{rel}","templated":true}]}}